{"id":7,"date":"2024-06-10T21:04:53","date_gmt":"2024-06-10T21:04:53","guid":{"rendered":"http:\/\/wp-ksp-bat.com\/?page_id=7"},"modified":"2025-02-15T09:55:05","modified_gmt":"2025-02-15T09:55:05","slug":"home","status":"publish","type":"page","link":"https:\/\/ksp-bat.com\/tr\/","title":{"rendered":"Kumar\u0131n Nihai Rehberi"},"content":{"rendered":"<div data-elementor-type=\"wp-page\" data-elementor-id=\"7\" class=\"elementor elementor-7\" data-elementor-post-type=\"page\">\n\t\t\t\t<div class=\"elementor-element elementor-element-2b9eceb9 e-flex e-con-boxed e-con e-parent\" data-id=\"2b9eceb9\" data-element_type=\"container\">\n\t\t\t\t\t<div class=\"e-con-inner\">\n\t\t\t\t<div class=\"elementor-element elementor-element-461b3fed elementor-widget elementor-widget-text-editor\" data-id=\"461b3fed\" data-element_type=\"widget\" data-widget_type=\"text-editor.default\">\n\t\t\t\t<div class=\"elementor-widget-container\">\n\t\t\t<style>\/*! elementor - v3.23.0 - 25-07-2024 *\/\n.elementor-widget-text-editor.elementor-drop-cap-view-stacked .elementor-drop-cap{background-color:#69727d;color:#fff}.elementor-widget-text-editor.elementor-drop-cap-view-framed .elementor-drop-cap{color:#69727d;border:3px solid;background-color:transparent}.elementor-widget-text-editor:not(.elementor-drop-cap-view-default) .elementor-drop-cap{margin-top:8px}.elementor-widget-text-editor:not(.elementor-drop-cap-view-default) .elementor-drop-cap-letter{width:1em;height:1em}.elementor-widget-text-editor .elementor-drop-cap{float:left;text-align:center;line-height:1;font-size:50px}.elementor-widget-text-editor .elementor-drop-cap-letter{display:inline-block}<\/style>\t\t\t\t<p class=\" translation-block\">\"<strong>Kingdom of Super Players \u2013 Bet And Thrive<\/strong>\" \u2013 \u015eans Oyunlar\u0131 D\u00fcnyas\u0131na Y\u00f6nelik Nihai Rehberiniz!<\/p><p>Profesyonellerden ve oyun merakl\u0131lar\u0131ndan olu\u015fan bir ekip taraf\u0131ndan \u00f6zenle ve hevesle haz\u0131rlanan sitemize ho\u015f geldiniz demekten heyecan duyuyoruz. Burada, oyun maceralar\u0131n\u0131z\u0131 hem heyecan verici hem de g\u00fcvenli hale getirmek i\u00e7in ihtiyac\u0131n\u0131z olan her \u015feyi bulacaks\u0131n\u0131z.<\/p><h2>Biz Kimiz?<\/h2><p>Biz sizin tutkunuzu payla\u015fan deneyimli yazarlardan olu\u015fan bir ekibiz <a href=\"https:\/\/ksp-bat.com\/tr\/gambling-in-turkey-cultural-traditions-legal-challenges-and-the-rise-of-digital-betting\/\"  data-wpil-monitor-id=\"2315\">kumar ve bahis<\/a>. Amac\u0131m\u0131z, adil ve ilgi \u00e7ekici e\u011flence se\u00e7enekleri sunan en iyi oyun tekliflerini ve platformlar\u0131n\u0131 ke\u015ffetmenize yard\u0131mc\u0131 olmakt\u0131r. Sadece oyunlar\u0131 listelemiyoruz; buna derin bir anlay\u0131\u015f ve ayr\u0131nt\u0131lara dikkat ederek yakla\u015f\u0131yoruz ve yaln\u0131zca en y\u00fcksek kalitede ve en g\u00fcvenilir \u00f6nerileri sundu\u011fumuzdan emin oluyoruz.<\/p><h2>Size Neler Sunuyoruz?<\/h2><p>Sitemizde, klasik casino oyunlar\u0131ndan modern casino oyunlar\u0131na kadar geni\u015f bir oyun yelpazesi bulacaks\u0131n\u0131z. <a href=\"https:\/\/ksp-bat.com\/tr\/category\/slots\/\"  data-wpil-monitor-id=\"22\">yuvalar<\/a> ve spor bahisleri. \u00c7evrimi\u00e7i olarak mevcut en heyecan verici ve g\u00fcvenli oyunlara eri\u015febilmenizi sa\u011flamak i\u00e7in ortak sitelerimizi \u00f6zenle se\u00e7iyoruz.<\/p><h2>Neden Bizi Se\u00e7melisiniz?<\/h2><ul><li><strong>Kaliteli Bilgi:<\/strong> En iyi oyunlar ve platformlar hakk\u0131nda sadece g\u00fcncel ve do\u011frulanm\u0131\u015f bilgiler sa\u011fl\u0131yoruz.<\/li><li><strong>\u00c7e\u015fitli Se\u00e7enekler:<\/strong> Tavsiyelerimiz, t\u00fcm tercihlere hitap eden geni\u015f bir oyun t\u00fcrleri ve format yelpazesi sunar.<\/li><li><strong>Profesyonel Yakla\u015f\u0131m:<\/strong> Ekibimiz her platformu titizlikle analiz eder ve yaln\u0131zca en y\u00fcksek kalite ve en g\u00fcvenli se\u00e7enekleri sunar.<\/li><li><strong>G\u00fcven ve G\u00fcvenlik:<\/strong> Sadece onayl\u0131 ortaklarla \u00e7al\u0131\u015f\u0131yoruz, b\u00f6ylece oyun deneyiminizi huzur i\u00e7inde ya\u015fayabilirsiniz.<\/li><\/ul><h2>Nas\u0131l \u00c7al\u0131\u015f\u0131r?<\/h2><p>Sitemizdeki her oyun, ortak platformlara ba\u011flant\u0131 sa\u011flar. Size m\u00fckemmel se\u00e7ene\u011fi se\u00e7menize yard\u0131mc\u0131 olmak i\u00e7in ayr\u0131nt\u0131l\u0131 bilgiler ve incelemeler sunuyoruz. Bir oyunu se\u00e7ti\u011finizde, sizi g\u00fcvenilir sitelere y\u00f6nlendiririz; burada oyun oynamaya ba\u015flayabilir ve \u015fans\u0131n\u0131z\u0131 test edebilirsiniz.<\/p><p>Kumar deneyiminizin keyifli ve g\u00fcvenli olmas\u0131n\u0131 sa\u011flama konusunda kararl\u0131y\u0131z. Ekibimiz s\u00fcrekli olarak bilgileri g\u00fcnceller ve yeni trendleri takip eder, b\u00f6ylece her zaman en son ve en heyecan verici teklifleri deneyimleyebilirsiniz.<\/p><p>Bize kat\u0131l\u0131n ve heyecan verici yolculu\u011funuza ba\u015flay\u0131n <a href=\"https:\/\/ksp-bat.com\/tr\/new-trends-in-the-world-of-online-gambling-what-to-expect-in-2025\/\"  data-wpil-monitor-id=\"1793\">kumar d\u00fcnyas\u0131<\/a>! En iyi e\u011flence ve kazan\u00e7 f\u0131rsatlar\u0131n\u0131 bulman\u0131za yard\u0131mc\u0131 olmak i\u00e7in her zaman buraday\u0131z.<\/p><p>\"Kingdom of Super Players \u2013 Bet And Thrive\" ziyaretiniz i\u00e7in te\u015fekk\u00fcr ederiz. \u015eans sizinle olsun!<\/p>\t\t\t\t\t\t<\/div>\n\t\t\t\t<\/div>\n\t\t\t\t\t<\/div>\n\t\t\t\t<\/div>\n\t\t\t\t<\/div>","protected":false},"excerpt":{"rendered":"<p>\"\"'e Ho\u015f Geldiniz - Kumar D\u00fcnyas\u0131ndaki Nihai Rehberiniz! Profesyonellerden ve oyun merakl\u0131lar\u0131ndan olu\u015fan bir ekip taraf\u0131ndan \u00f6zenle ve hevesle haz\u0131rlanan sitemize ho\u015f geldiniz demekten heyecan duyuyoruz. Burada, oyun maceralar\u0131n\u0131z\u0131 hem heyecan verici hem de g\u00fcvenli hale getirmek i\u00e7in ihtiyac\u0131n\u0131z olan her \u015feyi bulacaks\u0131n\u0131z. Biz Kimiz? Biz [...]'den olu\u015fan bir ekibiz.<\/p>","protected":false},"author":1,"featured_media":0,"parent":0,"menu_order":0,"comment_status":"closed","ping_status":"closed","template":"","meta":{"_acf_changed":false,"_seopress_robots_primary_cat":"","_seopress_titles_title":"Ultimate Guide to Gambling and Discover Top Games %%sep%% %%sitetitle%%","_seopress_titles_desc":"Welcome to \"Kingdom of Super Players \u2013 Bet And Thrive\", your ultimate guide to gambling. Explore top casino games, slots, and sports betting sites with expert reviews and recommendations for a thrilling and safe gaming experience. Join us now and let luck be on your side!","_seopress_robots_index":"","footnotes":""},"class_list":["post-7","page","type-page","status-publish","hentry"],"acf":[],"_links":{"self":[{"href":"https:\/\/ksp-bat.com\/tr\/wp-json\/wp\/v2\/pages\/7"}],"collection":[{"href":"https:\/\/ksp-bat.com\/tr\/wp-json\/wp\/v2\/pages"}],"about":[{"href":"https:\/\/ksp-bat.com\/tr\/wp-json\/wp\/v2\/types\/page"}],"author":[{"embeddable":true,"href":"https:\/\/ksp-bat.com\/tr\/wp-json\/wp\/v2\/users\/1"}],"replies":[{"embeddable":true,"href":"https:\/\/ksp-bat.com\/tr\/wp-json\/wp\/v2\/comments?post=7"}],"version-history":[{"count":0,"href":"https:\/\/ksp-bat.com\/tr\/wp-json\/wp\/v2\/pages\/7\/revisions"}],"wp:attachment":[{"href":"https:\/\/ksp-bat.com\/tr\/wp-json\/wp\/v2\/media?parent=7"}],"curies":[{"name":"wp","href":"https:\/\/api.w.org\/{rel}","templated":true}]}}