{"id":5664,"date":"2024-07-21T00:01:55","date_gmt":"2024-07-21T00:01:55","guid":{"rendered":"http:\/\/wp-ksp-bat.com\/?page_id=5664"},"modified":"2025-02-15T10:50:37","modified_gmt":"2025-02-15T10:50:37","slug":"privacy-and-cookies-policy","status":"publish","type":"page","link":"https:\/\/ksp-bat.com\/tr\/privacy-and-cookies-policy\/","title":{"rendered":"Gizlilik ve \u00c7erez Politikas\u0131"},"content":{"rendered":"<p>\"Kingdom of Super Players - Bet And Thrive\" sitesine ho\u015f geldiniz. Bu Gizlilik ve \u00c7erezler Politikas\u0131, web sitemizi ziyaret etti\u011finizde bilgilerinizi nas\u0131l toplad\u0131\u011f\u0131m\u0131z\u0131, kulland\u0131\u011f\u0131m\u0131z\u0131, a\u00e7\u0131klad\u0131\u011f\u0131m\u0131z\u0131 ve korudu\u011fumuzu a\u00e7\u0131klamaktad\u0131r. L\u00fctfen bu politikay\u0131 dikkatlice okuyun. Bu politikan\u0131n \u015fartlar\u0131n\u0131 kabul etmiyorsan\u0131z, l\u00fctfen siteye eri\u015fmeyin.<\/p>\n\n\n\n<p>Giri\u015f<\/p>\n\n\n\n<p>Ki\u015fisel bilgilerinizi ve gizlilik hakk\u0131n\u0131z\u0131 korumaya kararl\u0131y\u0131z. Bu politika hakk\u0131nda herhangi bir sorunuz veya endi\u015feniz varsa, l\u00fctfen bizimle \u015fu adresten ileti\u015fime ge\u00e7in \u201d<a href=\"https:\/\/ksp-bat.com\/tr\/contacts\/\">\u0130leti\u015fim<\/a>&#8220;.<\/p>\n\n\n\n<p>Toplad\u0131\u011f\u0131m\u0131z Bilgiler<\/p>\n\n\n\n<p>Sizin hakk\u0131n\u0131zda \u00e7e\u015fitli \u015fekillerde bilgi toplayabiliriz. Sitede toplayabilece\u011fimiz bilgiler \u015funlar\u0131 i\u00e7erir:<\/p>\n\n\n\n<p>Ki\u015fisel Veriler: Ad\u0131n\u0131z, g\u00f6nderim adresiniz, e-posta adresiniz ve telefon numaran\u0131z gibi ki\u015fisel olarak tan\u0131mlanabilir bilgiler ve ya\u015f\u0131n\u0131z, cinsiyetiniz, memleketiniz ve ilgi alanlar\u0131n\u0131z gibi demografik bilgiler. <a href=\"https:\/\/ksp-bat.com\/tr\/how-to-choose-the-best-online-slots-site-your-ultimate-guide-to-safe-and-exciting-gameplay\/\"  data-wpil-monitor-id=\"2553\">Site veya se\u00e7ti\u011finiz zaman<\/a> Site ile ilgili \u00e7e\u015fitli etkinliklere kat\u0131lmak i\u00e7in.<\/p>\n\n\n\n<p>T\u00fcrev Veriler: Siteye eri\u015fti\u011finizde sunucular\u0131m\u0131z\u0131n otomatik olarak toplad\u0131\u011f\u0131 IP adresiniz, taray\u0131c\u0131 t\u00fcr\u00fcn\u00fcz, i\u015fletim sisteminiz, eri\u015fim s\u00fcreleriniz ve Sitede daha \u00f6nce ziyaret etti\u011finiz sayfalar gibi bilgiler.<\/p>\n\n\n\n<p>Bilgilerinizi Nas\u0131l Kullan\u0131yoruz<\/p>\n\n\n\n<p>Hakk\u0131n\u0131zda do\u011fru bilgilere sahip olmam\u0131z, size sorunsuz, verimli ve \u00f6zelle\u015ftirilmi\u015f bir deneyim sunmam\u0131za olanak sa\u011flar. \u00d6zellikle, Site arac\u0131l\u0131\u011f\u0131yla hakk\u0131n\u0131zda toplanan bilgileri a\u015fa\u011f\u0131dakiler i\u00e7in kullanabiliriz:<\/p>\n\n\n\n<p>Kolluk kuvvetlerine yard\u0131mc\u0131 olun ve mahkeme celplerine yan\u0131t verin.<\/p>\n\n\n\n<p>\u015eirket i\u00e7inde veya \u00fc\u00e7\u00fcnc\u00fc taraflarla birlikte kullan\u0131lmak \u00fczere anonim istatistiksel verileri ve analizleri derlemek.<\/p>\n\n\n\n<p>Hesab\u0131n\u0131z\u0131 olu\u015fturun ve y\u00f6netin.<\/p>\n\n\n\n<p>Hedefli reklamlar, kuponlar, haber b\u00fcltenleri ve promosyonlar ve Site ile ilgili di\u011fer bilgileri size ula\u015ft\u0131rmak.<\/p>\n\n\n\n<p>Site ile ilgili deneyiminizi geli\u015ftirmek i\u00e7in kullan\u0131m\u0131 ve e\u011filimleri izlemek ve analiz etmek.<\/p>\n\n\n\n<p>Sitede yap\u0131lan g\u00fcncellemeleri size bildirmek.<\/p>\n\n\n\n<p>Size yeni \u00fcr\u00fcnler, hizmetler ve\/veya \u00f6neriler sunmak.<\/p>\n\n\n\n<p>\u00c7erezler ve \u0130zleme Teknolojileri<\/p>\n\n\n\n<p>Sitemizdeki etkinli\u011fi izlemek ve belirli bilgileri tutmak i\u00e7in \u00e7erezleri ve benzer izleme teknolojilerini kullan\u0131r\u0131z. \u00c7erezler, anonim benzersiz bir tan\u0131mlay\u0131c\u0131 i\u00e7erebilen az miktarda veri i\u00e7eren dosyalard\u0131r. \u00c7erezler bir web sitesinden taray\u0131c\u0131n\u0131za g\u00f6nderilir ve cihaz\u0131n\u0131zda saklan\u0131r. \u0130zleme teknolojileri ayr\u0131ca bilgi toplamak ve izlemek ve Sitemizi geli\u015ftirmek ve analiz etmek i\u00e7in i\u015faret\u00e7iler, etiketler ve komut dosyalar\u0131d\u0131r.<\/p>\n\n\n\n<p>Taray\u0131c\u0131n\u0131za t\u00fcm \u00e7erezleri reddetmesi veya bir \u00e7erez g\u00f6nderildi\u011finde bunu belirtmesi talimat\u0131n\u0131 verebilirsiniz. Ancak, \u00e7erezleri kabul etmezseniz, Sitemizin baz\u0131 b\u00f6l\u00fcmlerini kullanamayabilirsiniz.<\/p>\n\n\n\n<p>Se\u00e7enekleriniz ve Kontrolleriniz<\/p>\n\n\n\n<p>Bizimle do\u011frudan ileti\u015fime ge\u00e7erek bize sa\u011flad\u0131\u011f\u0131n\u0131z ki\u015fisel bilgileri g\u00f6zden ge\u00e7irebilir, d\u00fczeltebilir veya silebilirsiniz. Ayr\u0131ca, taray\u0131c\u0131n\u0131z\u0131 \u00e7erezleri reddedecek veya \u00e7erezler g\u00f6nderildi\u011finde sizi uyaracak \u015fekilde ayarlayabilirsiniz. \u00c7erezler devre d\u0131\u015f\u0131 b\u0131rak\u0131l\u0131rsa Sitenin baz\u0131 \u00f6zelliklerinin d\u00fczg\u00fcn \u00e7al\u0131\u015fmayabilece\u011fini l\u00fctfen unutmay\u0131n.<\/p>\n\n\n\n<p>Veri G\u00fcvenli\u011fi<\/p>\n\n\n\n<p>Ki\u015fisel bilgilerinizin korunmas\u0131na yard\u0131mc\u0131 olmak i\u00e7in idari, teknik ve fiziksel g\u00fcvenlik \u00f6nlemleri kullan\u0131yoruz. Bize sa\u011flad\u0131\u011f\u0131n\u0131z ki\u015fisel bilgilerin g\u00fcvenli\u011fini sa\u011flamak i\u00e7in makul ad\u0131mlar atm\u0131\u015f olsak da, \u00e7abalar\u0131m\u0131za ra\u011fmen hi\u00e7bir g\u00fcvenlik \u00f6nleminin m\u00fckemmel veya a\u015f\u0131lmaz olmad\u0131\u011f\u0131n\u0131 ve hi\u00e7bir veri aktar\u0131m y\u00f6nteminin herhangi bir m\u00fcdahaleye veya di\u011fer t\u00fcrden k\u00f6t\u00fcye kullan\u0131ma kar\u015f\u0131 garanti edilemeyece\u011fini l\u00fctfen unutmay\u0131n.<\/p>\n\n\n\n<p>Bu Politikadaki De\u011fi\u015fiklikler<\/p>\n\n\n\n<p>Bu Gizlilik ve \u00c7erez Politikas\u0131n\u0131, \u00f6rne\u011fin uygulamalar\u0131m\u0131zdaki de\u011fi\u015fiklikleri yans\u0131tmak i\u00e7in veya di\u011fer operasyonel, yasal veya d\u00fczenleyici nedenlerle zaman zaman g\u00fcncelleyebiliriz.<\/p>\n\n\n\n<p>Bize Ula\u015f\u0131n<\/p>\n\n\n\n<p>Bu Gizlilik ve \u00c7erez Politikas\u0131 hakk\u0131nda sorular\u0131n\u0131z veya yorumlar\u0131n\u0131z varsa, l\u00fctfen bizimle \u015fu adresten ileti\u015fime ge\u00e7in:<\/p>\n\n\n\n<p><a href=\"https:\/\/ksp-bat.com\/tr\/contacts\/\" data-type=\"page\" data-id=\"501\">\u0130leti\u015fim<\/a><\/p>","protected":false},"excerpt":{"rendered":"<p>\"\" sitesine ho\u015f geldiniz. Bu Gizlilik ve \u00c7erez Politikas\u0131, \"\" web sitemizi ziyaret etti\u011finizde bilgilerinizi nas\u0131l toplad\u0131\u011f\u0131m\u0131z\u0131, kulland\u0131\u011f\u0131m\u0131z\u0131, if\u015fa etti\u011fimizi ve korudu\u011fumuzu a\u00e7\u0131klamaktad\u0131r. L\u00fctfen bu politikay\u0131 dikkatlice okuyunuz. Bu politikan\u0131n \u015fartlar\u0131n\u0131 kabul etmiyorsan\u0131z, l\u00fctfen siteye eri\u015fmeyin. Giri\u015f Ki\u015fisel bilgilerinizi korumay\u0131 taahh\u00fct ediyoruz [...]<\/p>","protected":false},"author":1,"featured_media":0,"parent":0,"menu_order":0,"comment_status":"closed","ping_status":"closed","template":"","meta":{"_acf_changed":false,"_seopress_robots_primary_cat":"","_seopress_titles_title":"","_seopress_titles_desc":"Welcome to \u201cKingdom of Super Players - Bet And Thrive\u201c. This Privacy and Cookies Policy explains how we collect, use, disclose, and safeguard your information when you visit our website \u201cKingdom of Super Players - Bet And Thrive\u201c. Please read this policy carefully. If you do not agree with the terms of this policy, please do not access the site.","_seopress_robots_index":"","footnotes":""},"class_list":["post-5664","page","type-page","status-publish","hentry"],"acf":[],"_links":{"self":[{"href":"https:\/\/ksp-bat.com\/tr\/wp-json\/wp\/v2\/pages\/5664"}],"collection":[{"href":"https:\/\/ksp-bat.com\/tr\/wp-json\/wp\/v2\/pages"}],"about":[{"href":"https:\/\/ksp-bat.com\/tr\/wp-json\/wp\/v2\/types\/page"}],"author":[{"embeddable":true,"href":"https:\/\/ksp-bat.com\/tr\/wp-json\/wp\/v2\/users\/1"}],"replies":[{"embeddable":true,"href":"https:\/\/ksp-bat.com\/tr\/wp-json\/wp\/v2\/comments?post=5664"}],"version-history":[{"count":0,"href":"https:\/\/ksp-bat.com\/tr\/wp-json\/wp\/v2\/pages\/5664\/revisions"}],"wp:attachment":[{"href":"https:\/\/ksp-bat.com\/tr\/wp-json\/wp\/v2\/media?parent=5664"}],"curies":[{"name":"wp","href":"https:\/\/api.w.org\/{rel}","templated":true}]}}