{"id":41,"date":"2024-07-11T01:23:35","date_gmt":"2024-07-11T01:23:35","guid":{"rendered":"http:\/\/wp-ksp-bat.com\/?page_id=41"},"modified":"2025-02-14T19:01:50","modified_gmt":"2025-02-14T19:01:50","slug":"about-us","status":"publish","type":"page","link":"https:\/\/ksp-bat.com\/tr\/about-us\/","title":{"rendered":"Hakk\u0131m\u0131zda"},"content":{"rendered":"<p>Ho\u015f geldiniz <strong>&#8220;<a href=\"\/tr\/\">Kingdom of Super Players \u2013 Bet And Thrive<\/a><\/strong><strong>&#8220;<\/strong>!<\/p>\n\n\n\n<p>Biz, oyuncular\u0131n y\u00fcksek kaliteli ve g\u00fcvenilir para oyunlar\u0131n\u0131 ke\u015ffedebilece\u011fi bir platform olu\u015fturma misyonuyla bir araya gelmi\u015f tutkulu oyun merakl\u0131lar\u0131ndan olu\u015fan bir ekibiz. Amac\u0131m\u0131z, ger\u00e7ekten sevdi\u011fimiz oyunlardan size en y\u00fcksek keyfi sunmakt\u0131r.<\/p>\n\n\n\n<h2 class=\"wp-block-heading\">Biz Kimiz<\/h2>\n\n\n\n<p>Ekibimiz sadece kumar sekt\u00f6r\u00fcnde \u00e7al\u0131\u015fan de\u011fil, ayn\u0131 zamanda bu sekt\u00f6rde ya\u015fayan ve nefes alan profesyonellerden olu\u015fmaktad\u0131r. En y\u00fcksek kalite ve g\u00fcvenilirlik standartlar\u0131n\u0131 kar\u015f\u0131lad\u0131\u011f\u0131ndan emin olmak i\u00e7in her oyunu titizlikle se\u00e7iyor ve test ediyoruz. Her birimiz y\u0131llar\u0131n deneyimine ve <a href=\"https:\/\/ksp-bat.com\/tr\/turkey-and-gambling-a-deep-dive-into-the-past-present-and-future-of-the-industry\/\"  data-wpil-monitor-id=\"2136\">oyun end\u00fcstrisinin derinlemesine anla\u015f\u0131lmas\u0131<\/a>ve sadece en iyi teklifleri sizlerle payla\u015fmaktan gurur duyuyoruz.<\/p>\n\n\n\n<h2 class=\"wp-block-heading\">Felsefemiz<\/h2>\n\n\n\n<p>Kumar\u0131n keyif ve olumlu duygular getirmesi gerekti\u011fine inan\u0131yoruz. Bu nedenle, en son standartlara ve gereksinimlere uygun, \u00e7e\u015fitli ve ilgi \u00e7ekici oyunlar sunmaya \u00f6zen g\u00f6steriyoruz. Koleksiyonumuzda, sadece titiz denetimlerden ge\u00e7mi\u015f ve g\u00fcvenilir ortaklar\u0131m\u0131z taraf\u0131ndan onaylanm\u0131\u015f oyunlar bulacaks\u0131n\u0131z.<\/p>\n\n\n\n<h2 class=\"wp-block-heading\">Neden Bizi Se\u00e7melisiniz?<\/h2>\n\n\n\n<ol class=\"wp-block-list\">\n<li><strong>Profesyonellik:<\/strong> Ekibimiz, her oyunun kalitesini ve g\u00fcvenli\u011fini sa\u011flamak i\u00e7in titiz bir \u015fekilde test eder.<\/li>\n\n\n\n<li><strong>\u00c7e\u015fitlilik:<\/strong> Klasik casino oyunlar\u0131ndan modern video oyunlar\u0131na kadar her zevke uygun geni\u015f bir oyun yelpazesi sunuyoruz. <a href=\"https:\/\/ksp-bat.com\/tr\/category\/slots\/\"  data-wpil-monitor-id=\"23\">yuvalar<\/a> ve daha fazlas\u0131.<\/li>\n\n\n\n<li><strong>D\u00fcr\u00fcstl\u00fck ve \u015eeffafl\u0131k:<\/strong> Sadece onayl\u0131 ortaklarla \u00e7al\u0131\u015f\u0131yoruz ve size g\u00fcvenilir oyun platformlar\u0131na ba\u011flant\u0131lar sunuyoruz.<\/li>\n<\/ol>\n\n\n\n<p>Sitemizde arad\u0131\u011f\u0131n\u0131z\u0131 bulaca\u011f\u0131n\u0131zdan ve oyun deneyiminizin hem heyecan verici hem de unutulmaz olaca\u011f\u0131ndan eminiz. G\u00fcveniniz i\u00e7in te\u015fekk\u00fcr ederiz ve umar\u0131z bizimle ge\u00e7irdi\u011finiz zaman canl\u0131 ve keyifli olur!<\/p>\n\n\n\n<p>Herhangi bir sorunuz veya \u00f6neriniz varsa, l\u00fctfen bizimle ileti\u015fime ge\u00e7mekten \u00e7ekinmeyin \"<strong><a href=\"http:\/\/wp-ksp-bat.com\/contacts\/\" data-type=\"page\" data-id=\"501\">Bize Ula\u015f\u0131n<\/a><\/strong>\u201c b\u00f6l\u00fcm\u00fcn\u00fc ziyaret edin. Yard\u0131m etmek i\u00e7in her zaman buraday\u0131z!<\/p>\n\n\n\n<p>Sayg\u0131lar\u0131mla,<br>Bu <strong>\"S\u00fcper Oyuncular\u0131n Krall\u0131\u011f\u0131 - Bahse Girin ve Geli\u015fin\" <\/strong>Tak\u0131m<\/p>","protected":false},"excerpt":{"rendered":"<p>\"Kingdom of Super Players - Bet And Thrive \"a ho\u015f geldiniz! Biz, oyuncular\u0131n y\u00fcksek kaliteli ve g\u00fcvenilir para oyunlar\u0131n\u0131 ke\u015ffedebilecekleri bir platform olu\u015fturma misyonuyla bir araya gelen tutkulu oyun merakl\u0131lar\u0131ndan olu\u015fan bir ekibiz. Amac\u0131m\u0131z, ger\u00e7ekten sevdi\u011fimiz oyunlardan en \u00fcst d\u00fczeyde keyif alman\u0131z\u0131 sa\u011flamakt\u0131r. [...]<\/p>","protected":false},"author":1,"featured_media":0,"parent":0,"menu_order":0,"comment_status":"closed","ping_status":"closed","template":"","meta":{"_acf_changed":false,"_seopress_robots_primary_cat":"","_seopress_titles_title":"","_seopress_titles_desc":"We are a team of passionate gaming enthusiasts who have come together with the mission of creating a platform where players can discover high-quality and reliable money games. Our goal is to provide you with the utmost enjoyment from the games we ourselves genuinely love.","_seopress_robots_index":"","footnotes":""},"class_list":["post-41","page","type-page","status-publish","hentry"],"acf":[],"_links":{"self":[{"href":"https:\/\/ksp-bat.com\/tr\/wp-json\/wp\/v2\/pages\/41"}],"collection":[{"href":"https:\/\/ksp-bat.com\/tr\/wp-json\/wp\/v2\/pages"}],"about":[{"href":"https:\/\/ksp-bat.com\/tr\/wp-json\/wp\/v2\/types\/page"}],"author":[{"embeddable":true,"href":"https:\/\/ksp-bat.com\/tr\/wp-json\/wp\/v2\/users\/1"}],"replies":[{"embeddable":true,"href":"https:\/\/ksp-bat.com\/tr\/wp-json\/wp\/v2\/comments?post=41"}],"version-history":[{"count":0,"href":"https:\/\/ksp-bat.com\/tr\/wp-json\/wp\/v2\/pages\/41\/revisions"}],"wp:attachment":[{"href":"https:\/\/ksp-bat.com\/tr\/wp-json\/wp\/v2\/media?parent=41"}],"curies":[{"name":"wp","href":"https:\/\/api.w.org\/{rel}","templated":true}]}}