{"id":223,"date":"2024-07-12T17:15:17","date_gmt":"2024-07-12T17:15:17","guid":{"rendered":"http:\/\/wp-ksp-bat.com\/?page_id=223"},"modified":"2025-02-15T11:00:28","modified_gmt":"2025-02-15T11:00:28","slug":"category","status":"publish","type":"page","link":"https:\/\/ksp-bat.com\/tr\/category\/","title":{"rendered":"Oyun Kategorileri"},"content":{"rendered":"<p>Web sitemizde, \"<strong>Kingdom of Super Players - Bet And Thrive<\/strong>\" adresinde, \u00e7ok \u00e7e\u015fitli kumar oyunlar\u0131 bulacaks\u0131n\u0131z. Zamanlar\u0131n\u0131 ve uzmanl\u0131klar\u0131n\u0131 t\u00fcm kumar merakl\u0131lar\u0131 i\u00e7in benzersiz ve kullan\u0131c\u0131 dostu bir kaynak olu\u015fturmaya adam\u0131\u015f tutkulu yazarlar ve oyunculardan olu\u015fan bir ekibiz.<\/p>\n\n\n\n<p>Sitemiz, tam olarak arad\u0131\u011f\u0131n\u0131z\u0131 bulman\u0131za yard\u0131mc\u0131 olmak i\u00e7in \u00e7e\u015fitli oyun kategorilerine sahiptir. Her kategori, ilginizi \u00e7eken oyunlarda gezinmenizi ve ke\u015ffetmenizi kolayla\u015ft\u0131racak \u015fekilde tasarlanm\u0131\u015ft\u0131r. Size en iyi deneyimi sunmay\u0131 taahh\u00fct ediyoruz <a href=\"https:\/\/ksp-bat.com\/tr\/new-trends-in-the-world-of-online-gambling-what-to-expect-in-2025\/\"  data-wpil-monitor-id=\"1802\">kumar d\u00fcnyas\u0131<\/a>. Her birini dikkatle se\u00e7iyor ve inceliyoruz <a href=\"https:\/\/ksp-bat.com\/tr\/how-to-choose-a-safe-and-reliable-online-slot-site-expert-tips-for-an-unforgettable-gaming-experience\/\"  data-wpil-monitor-id=\"2659\">y\u00fcksek kaliteli ve g\u00fcvenli bir oyun deneyimi ya\u015faman\u0131z\u0131 sa\u011flamak i\u00e7in<\/a>. Amac\u0131m\u0131z, yaln\u0131zca en iyi ger\u00e7ek paral\u0131 oyunlar\u0131 bulabilece\u011finiz ve adalet ve g\u00fcvenilirlikten emin olabilece\u011finiz bir platform olu\u015fturmakt\u0131r.<\/p>\n\n\n\n<p>Sitemizde yer alan t\u00fcm oyunlar, ortak siteler arac\u0131l\u0131\u011f\u0131yla eri\u015filebilir ve bu ortaklara ait ba\u011flant\u0131lar\u0131 sayfalar\u0131m\u0131zda bulabilirsiniz. Y\u00fcksek hizmet ve g\u00fcvenlik standartlar\u0131n\u0131 sa\u011flamak i\u00e7in yaln\u0131zca g\u00fcvenilir ortaklarla \u00e7al\u0131\u015f\u0131yoruz.<\/p>\n\n\n\n<p>Umar\u0131z sitemiz sizin <a href=\"https:\/\/ksp-bat.com\/tr\/how-to-choose-a-reliable-casino-a-step-by-step-guide-for-beginners\/\"  data-wpil-monitor-id=\"1644\">g\u00fcveni\u0307li\u0307r rehber<\/a> kumar d\u00fcnyas\u0131nda. Yeni oyunlar\u0131 ke\u015ffedin ve \u015fans\u0131n\u0131z\u0131 hemen \u015fimdi test edin!<\/p>","protected":false},"excerpt":{"rendered":"<p>\"\" web sitemizde \u00e7ok \u00e7e\u015fitli kumar oyunlar\u0131 bulacaks\u0131n\u0131z. Zamanlar\u0131n\u0131 ve uzmanl\u0131klar\u0131n\u0131 t\u00fcm kumar merakl\u0131lar\u0131 i\u00e7in benzersiz ve kullan\u0131c\u0131 dostu bir kaynak olu\u015fturmaya adam\u0131\u015f tutkulu yazarlar ve oyunculardan olu\u015fan bir ekibiz. Sitemiz, tam olarak ne arad\u0131\u011f\u0131n\u0131z\u0131 bulman\u0131za yard\u0131mc\u0131 olmak i\u00e7in \u00e7e\u015fitli oyun kategorilerine sahiptir [...]<\/p>","protected":false},"author":1,"featured_media":0,"parent":0,"menu_order":0,"comment_status":"closed","ping_status":"closed","template":"","meta":{"_acf_changed":false,"_seopress_robots_primary_cat":"","_seopress_titles_title":"Explore Our Game Categories %%sep%% %%sitetitle%%","_seopress_titles_desc":"Explore diverse game categories at \"Kingdom of Super Players - Bet And Thrive\". Discover top-rated gambling games, carefully reviewed for quality and safety. Find your favorite games and test your luck with trusted partners.","_seopress_robots_index":"","footnotes":""},"class_list":["post-223","page","type-page","status-publish","hentry"],"acf":[],"_links":{"self":[{"href":"https:\/\/ksp-bat.com\/tr\/wp-json\/wp\/v2\/pages\/223"}],"collection":[{"href":"https:\/\/ksp-bat.com\/tr\/wp-json\/wp\/v2\/pages"}],"about":[{"href":"https:\/\/ksp-bat.com\/tr\/wp-json\/wp\/v2\/types\/page"}],"author":[{"embeddable":true,"href":"https:\/\/ksp-bat.com\/tr\/wp-json\/wp\/v2\/users\/1"}],"replies":[{"embeddable":true,"href":"https:\/\/ksp-bat.com\/tr\/wp-json\/wp\/v2\/comments?post=223"}],"version-history":[{"count":0,"href":"https:\/\/ksp-bat.com\/tr\/wp-json\/wp\/v2\/pages\/223\/revisions"}],"wp:attachment":[{"href":"https:\/\/ksp-bat.com\/tr\/wp-json\/wp\/v2\/media?parent=223"}],"curies":[{"name":"wp","href":"https:\/\/api.w.org\/{rel}","templated":true}]}}